{"id":56953,"date":"2026-03-27T11:37:54","date_gmt":"2026-03-27T11:37:54","guid":{"rendered":"https:\/\/marmoinox.it\/accessibilita\/"},"modified":"2026-05-06T09:14:43","modified_gmt":"2026-05-06T09:14:43","slug":"accessibilite","status":"publish","type":"page","link":"https:\/\/marmoinox.it\/fr\/accessibilite\/","title":{"rendered":"Accessibilit\u00e9"},"content":{"rendered":"\t\t<div data-elementor-type=\"wp-page\" data-elementor-id=\"56953\" class=\"elementor elementor-56953 elementor-55480\" data-elementor-settings=\"{&quot;ha_cmc_init_switcher&quot;:&quot;no&quot;}\" data-elementor-post-type=\"page\">\n\t\t\t\t<div class=\"elementor-element elementor-element-0cbed85 e-con-full e-flex e-con e-parent\" data-id=\"0cbed85\" data-element_type=\"container\" data-e-type=\"container\" data-settings=\"{&quot;_ha_eqh_enable&quot;:false}\">\n\t\t<div class=\"elementor-element elementor-element-627c4aa e-con-full e-flex e-con e-child\" data-id=\"627c4aa\" data-element_type=\"container\" data-e-type=\"container\" data-settings=\"{&quot;_ha_eqh_enable&quot;:false}\">\n\t\t\t\t<\/div>\n\t\t\t\t<\/div>\n\t\t<div class=\"elementor-element elementor-element-0babc42 e-flex e-con-boxed e-con e-parent\" data-id=\"0babc42\" data-element_type=\"container\" data-e-type=\"container\" data-settings=\"{&quot;_ha_eqh_enable&quot;:false}\">\n\t\t\t\t\t<div class=\"e-con-inner\">\n\t\t<div class=\"elementor-element elementor-element-e386f19 e-con-full e-flex e-con e-child\" data-id=\"e386f19\" data-element_type=\"container\" data-e-type=\"container\" data-settings=\"{&quot;_ha_eqh_enable&quot;:false}\">\n\t\t\t\t<div class=\"elementor-element elementor-element-c7cafad elementor-widget elementor-widget-text-editor\" data-id=\"c7cafad\" data-element_type=\"widget\" data-e-type=\"widget\" data-widget_type=\"text-editor.default\">\n\t\t\t\t\t\t\t\t\t<p><strong>MarmoinoX<\/strong> s&rsquo;engage \u00e0 rendre son site web accessible, conform\u00e9ment \u00e0 la loi n\u00b0 4 du 9 janvier 2004.<br \/>La pr\u00e9sente d\u00e9claration d&rsquo;accessibilit\u00e9 s&rsquo;applique au site : <strong>www.marmoinox.it<\/strong><\/p>\t\t\t\t\t\t\t\t<\/div>\n\t\t\t\t<\/div>\n\t\t<div class=\"elementor-element elementor-element-a6b8d96 e-con-full e-flex e-con e-child\" data-id=\"a6b8d96\" data-element_type=\"container\" data-e-type=\"container\" data-settings=\"{&quot;_ha_eqh_enable&quot;:false}\">\n\t\t\t\t<div class=\"elementor-element elementor-element-5b5d1f4 elementor-widget elementor-widget-heading\" data-id=\"5b5d1f4\" data-element_type=\"widget\" data-e-type=\"widget\" data-widget_type=\"heading.default\">\n\t\t\t\t\t<h2 class=\"elementor-heading-title elementor-size-default\">\u00c9tat de conformit\u00e9<\/h2>\t\t\t\t<\/div>\n\t\t\t\t<div class=\"elementor-element elementor-element-c84cf32 elementor-widget elementor-widget-text-editor\" data-id=\"c84cf32\" data-element_type=\"widget\" data-e-type=\"widget\" data-widget_type=\"text-editor.default\">\n\t\t\t\t\t\t\t\t\t<p>Ce site web est partiellement conforme aux exigences de l&rsquo;annexe A de la norme UNI CEI EN 301549, car il pr\u00e9sente les cas de non-conformit\u00e9 \u00e9num\u00e9r\u00e9s ci-dessous.<\/p>\t\t\t\t\t\t\t\t<\/div>\n\t\t\t\t<\/div>\n\t\t<div class=\"elementor-element elementor-element-477364e e-con-full e-flex e-con e-child\" data-id=\"477364e\" data-element_type=\"container\" data-e-type=\"container\" data-settings=\"{&quot;_ha_eqh_enable&quot;:false}\">\n\t\t\t\t<div class=\"elementor-element elementor-element-e7f5499 elementor-widget elementor-widget-heading\" data-id=\"e7f5499\" data-element_type=\"widget\" data-e-type=\"widget\" data-widget_type=\"heading.default\">\n\t\t\t\t\t<h2 class=\"elementor-heading-title elementor-size-default\">Contenus inaccessibles<\/h2>\t\t\t\t<\/div>\n\t\t\t\t<div class=\"elementor-element elementor-element-25228cb elementor-widget elementor-widget-text-editor\" data-id=\"25228cb\" data-element_type=\"widget\" data-e-type=\"widget\" data-widget_type=\"text-editor.default\">\n\t\t\t\t\t\t\t\t\t<p>a) Non-respect de la loi n\u00b0 4 du 9 janvier 2004<br \/>Le respect des crit\u00e8res suivants (WCAG 2.1) n&rsquo;est pas garanti :<\/p><p>1.1.1 \u2013 Contenus non textuels : certaines images d\u00e9coratives ou fonctionnelles ne disposent pas d&rsquo;alternatives textuelles appropri\u00e9es.<\/p><p>1.3.1 \u2013 Informations et relations : sur certaines pages, la structure s\u00e9mantique (en-t\u00eates, \u00e9tiquettes, conteneurs) n\u2019est pas coh\u00e9rente.<\/p><p>1.3.5 \u2013 Identification de l\u2019objectif de la saisie : les champs des formulaires ne sont pas toujours associ\u00e9s \u00e0 un objectif reconnaissable sur le plan s\u00e9mantique.<\/p><p>1.4.1 \u2013 Utilisation de la couleur : dans certaines sections, la couleur est le seul moyen utilis\u00e9 pour communiquer des informations.<\/p><p>1.4.11 \u2013 Contraste non textuel (Non-text Contrast) : certains \u00e9l\u00e9ments graphiques, tels que les ic\u00f4nes, les boutons ou les composants de l&rsquo;interface, ne pr\u00e9sentent pas un contraste suffisant par rapport \u00e0 l&rsquo;arri\u00e8re-plan.<\/p><p>1.4.3 \u2013 Contraste (minimum) : certains \u00e9l\u00e9ments textuels et composants de l&rsquo;interface pr\u00e9sentent un rapport de contraste insuffisant entre le texte et l&rsquo;arri\u00e8re-plan.<\/p><p>1.4.5 \u2013 Images contenant du texte : dans certaines sections du site, des images contenant du texte sont utilis\u00e9es \u00e0 la place de texte r\u00e9el. Ce choix limite les possibilit\u00e9s d&rsquo;adaptation : agrandissement, personnalisation des couleurs, lecture \u00e0 l&rsquo;aide de technologies d&rsquo;assistance.<\/p><p>2.4.7 \u2013 Focus visible : tous les \u00e9l\u00e9ments interactifs ne pr\u00e9sentent pas un focus visible lors de la navigation au clavier.<\/p><p>4.1.1 \u2013 Analyse syntaxique : le code HTML pr\u00e9sente des erreurs de balisage (par exemple, balises non ferm\u00e9es, attributs dupliqu\u00e9s) qui peuvent compromettre l&rsquo;interpr\u00e9tation correcte par les technologies d&rsquo;assistance.<\/p><p>4.1.2 \u2013 Nom, r\u00f4le, valeur (Name, Role, Value) : certains composants interactifs (tels que les boutons, les menus d\u00e9roulants ou les contr\u00f4les personnalis\u00e9s) ne communiquent pas correctement leur nom, leur r\u00f4le et leur \u00e9tat aux technologies d&rsquo;assistance.<\/p>\t\t\t\t\t\t\t\t<\/div>\n\t\t\t\t<\/div>\n\t\t<div class=\"elementor-element elementor-element-db8925d e-con-full e-flex e-con e-child\" data-id=\"db8925d\" data-element_type=\"container\" data-e-type=\"container\" data-settings=\"{&quot;_ha_eqh_enable&quot;:false}\">\n\t\t\t\t<div class=\"elementor-element elementor-element-9ba9dc8 elementor-widget elementor-widget-heading\" data-id=\"9ba9dc8\" data-element_type=\"widget\" data-e-type=\"widget\" data-widget_type=\"heading.default\">\n\t\t\t\t\t<h2 class=\"elementor-heading-title elementor-size-default\">R\u00e9daction de la d\u00e9claration d'accessibilit\u00e9<\/h2>\t\t\t\t<\/div>\n\t\t\t\t<div class=\"elementor-element elementor-element-e86cd3f elementor-widget elementor-widget-text-editor\" data-id=\"e86cd3f\" data-element_type=\"widget\" data-e-type=\"widget\" data-widget_type=\"text-editor.default\">\n\t\t\t\t\t\t\t\t\t<p>La pr\u00e9sente d\u00e9claration a \u00e9t\u00e9 r\u00e9dig\u00e9e le 1er avril 2026, sur la base d&rsquo;une \u00e9valuation r\u00e9alis\u00e9e par des tiers \u00e0 l&rsquo;aide d&rsquo;outils automatis\u00e9s et de tests manuels.<\/p>\t\t\t\t\t\t\t\t<\/div>\n\t\t\t\t<\/div>\n\t\t<div class=\"elementor-element elementor-element-dd8f91c e-con-full e-flex e-con e-child\" data-id=\"dd8f91c\" data-element_type=\"container\" data-e-type=\"container\" data-settings=\"{&quot;_ha_eqh_enable&quot;:false}\">\n\t\t\t\t<div class=\"elementor-element elementor-element-f25aef9 elementor-widget elementor-widget-heading\" data-id=\"f25aef9\" data-element_type=\"widget\" data-e-type=\"widget\" data-widget_type=\"heading.default\">\n\t\t\t\t\t<h2 class=\"elementor-heading-title elementor-size-default\">Modalit\u00e9s d'envoi des signalements et coordonn\u00e9es de l'organisme prestataire<\/h2>\t\t\t\t<\/div>\n\t\t\t\t<div class=\"elementor-element elementor-element-4673a5a elementor-widget elementor-widget-text-editor\" data-id=\"4673a5a\" data-element_type=\"widget\" data-e-type=\"widget\" data-widget_type=\"text-editor.default\">\n\t\t\t\t\t\t\t\t\t<p>Pour signaler les cas de non-conformit\u00e9 et pour demander des informations ou des contenus alternatifs qui ne rel\u00e8vent pas du champ d&rsquo;application de la directive, veuillez remplir le formulaire disponible sur la page \u00ab <a href=\"https:\/\/marmoinox.it\/fr\/contact\/\">Contact<\/a> \u00bb.<\/p>\t\t\t\t\t\t\t\t<\/div>\n\t\t\t\t<\/div>\n\t\t<div class=\"elementor-element elementor-element-f1bc14e e-con-full e-flex e-con e-child\" data-id=\"f1bc14e\" data-element_type=\"container\" data-e-type=\"container\" data-settings=\"{&quot;_ha_eqh_enable&quot;:false}\">\n\t\t\t\t<div class=\"elementor-element elementor-element-86b3151 elementor-widget elementor-widget-heading\" data-id=\"86b3151\" data-element_type=\"widget\" data-e-type=\"widget\" data-widget_type=\"heading.default\">\n\t\t\t\t\t<h2 class=\"elementor-heading-title elementor-size-default\">\u00c0 propos du site<\/h2>\t\t\t\t<\/div>\n\t\t\t\t<div class=\"elementor-element elementor-element-2355ac6 elementor-widget elementor-widget-text-editor\" data-id=\"2355ac6\" data-element_type=\"widget\" data-e-type=\"widget\" data-widget_type=\"text-editor.default\">\n\t\t\t\t\t\t\t\t\t<p><strong>Date de publication du site web :<\/strong> avril 2026<br \/><strong>Des tests d&rsquo;ergonomie ont-ils \u00e9t\u00e9 effectu\u00e9s ?<\/strong> Non<br \/>Syst\u00e8me de gestion de contenu <strong>(CMS) utilis\u00e9 pour le site web :<\/strong> WordPress<\/p>\t\t\t\t\t\t\t\t<\/div>\n\t\t\t\t<\/div>\n\t\t\t\t\t<\/div>\n\t\t\t\t<\/div>\n\t\t\t\t<\/div>\n\t\t","protected":false},"excerpt":{"rendered":"<p>MarmoinoX s&rsquo;engage \u00e0 rendre son site web accessible, conform\u00e9ment \u00e0 la loi n\u00b0 4 du 9 janvier 2004.La pr\u00e9sente d\u00e9claration d&rsquo;accessibilit\u00e9 s&rsquo;applique au site : www.marmoinox.it \u00c9tat de conformit\u00e9 Ce site web est partiellement conforme aux exigences de l&rsquo;annexe A de la norme UNI CEI EN 301549, car il pr\u00e9sente les cas de non-conformit\u00e9 \u00e9num\u00e9r\u00e9s [&hellip;]<\/p>\n","protected":false},"author":1,"featured_media":0,"parent":0,"menu_order":0,"comment_status":"closed","ping_status":"closed","template":"","meta":{"_acf_changed":false,"footnotes":""},"class_list":["post-56953","page","type-page","status-publish","hentry"],"acf":[],"yoast_head":"<!-- This site is optimized with the Yoast SEO plugin v27.5 - https:\/\/yoast.com\/product\/yoast-seo-wordpress\/ -->\n<title>Accessibilit\u00e9 - Marmoinox<\/title>\n<meta name=\"robots\" content=\"index, follow, max-snippet:-1, max-image-preview:large, max-video-preview:-1\" \/>\n<link rel=\"canonical\" href=\"https:\/\/marmoinox.it\/fr\/accessibilite\/\" \/>\n<meta property=\"og:locale\" content=\"fr_FR\" \/>\n<meta property=\"og:type\" content=\"article\" \/>\n<meta property=\"og:title\" content=\"Accessibilit\u00e9 - Marmoinox\" \/>\n<meta property=\"og:description\" content=\"MarmoinoX s&rsquo;engage \u00e0 rendre son site web accessible, conform\u00e9ment \u00e0 la loi n\u00b0 4 du 9 janvier 2004.La pr\u00e9sente d\u00e9claration d&rsquo;accessibilit\u00e9 s&rsquo;applique au site : www.marmoinox.it \u00c9tat de conformit\u00e9 Ce site web est partiellement conforme aux exigences de l&rsquo;annexe A de la norme UNI CEI EN 301549, car il pr\u00e9sente les cas de non-conformit\u00e9 \u00e9num\u00e9r\u00e9s [&hellip;]\" \/>\n<meta property=\"og:url\" content=\"https:\/\/marmoinox.it\/fr\/accessibilite\/\" \/>\n<meta property=\"og:site_name\" content=\"Marmoinox\" \/>\n<meta property=\"article:modified_time\" content=\"2026-05-06T09:14:43+00:00\" \/>\n<meta name=\"twitter:card\" content=\"summary_large_image\" \/>\n<meta name=\"twitter:label1\" content=\"Dur\u00e9e de lecture estim\u00e9e\" \/>\n\t<meta name=\"twitter:data1\" content=\"3 minutes\" \/>\n<script type=\"application\/ld+json\" class=\"yoast-schema-graph\">{\"@context\":\"https:\\\/\\\/schema.org\",\"@graph\":[{\"@type\":\"WebPage\",\"@id\":\"https:\\\/\\\/marmoinox.it\\\/fr\\\/accessibilite\\\/\",\"url\":\"https:\\\/\\\/marmoinox.it\\\/fr\\\/accessibilite\\\/\",\"name\":\"Accessibilit\u00e9 - Marmoinox\",\"isPartOf\":{\"@id\":\"https:\\\/\\\/marmoinox.it\\\/fr\\\/#website\"},\"datePublished\":\"2026-03-27T11:37:54+00:00\",\"dateModified\":\"2026-05-06T09:14:43+00:00\",\"breadcrumb\":{\"@id\":\"https:\\\/\\\/marmoinox.it\\\/fr\\\/accessibilite\\\/#breadcrumb\"},\"inLanguage\":\"fr-FR\",\"potentialAction\":[{\"@type\":\"ReadAction\",\"target\":[\"https:\\\/\\\/marmoinox.it\\\/fr\\\/accessibilite\\\/\"]}]},{\"@type\":\"BreadcrumbList\",\"@id\":\"https:\\\/\\\/marmoinox.it\\\/fr\\\/accessibilite\\\/#breadcrumb\",\"itemListElement\":[{\"@type\":\"ListItem\",\"position\":1,\"name\":\"Home\",\"item\":\"https:\\\/\\\/marmoinox.it\\\/fr\\\/\"},{\"@type\":\"ListItem\",\"position\":2,\"name\":\"Accessibilit\u00e9\"}]},{\"@type\":\"WebSite\",\"@id\":\"https:\\\/\\\/marmoinox.it\\\/fr\\\/#website\",\"url\":\"https:\\\/\\\/marmoinox.it\\\/fr\\\/\",\"name\":\"Marmoinox\",\"description\":\"Dal 1963 diamo forma a soluzioni inedite e pionieristiche\",\"publisher\":{\"@id\":\"https:\\\/\\\/marmoinox.it\\\/fr\\\/#organization\"},\"potentialAction\":[{\"@type\":\"SearchAction\",\"target\":{\"@type\":\"EntryPoint\",\"urlTemplate\":\"https:\\\/\\\/marmoinox.it\\\/fr\\\/?s={search_term_string}\"},\"query-input\":{\"@type\":\"PropertyValueSpecification\",\"valueRequired\":true,\"valueName\":\"search_term_string\"}}],\"inLanguage\":\"fr-FR\"},{\"@type\":\"Organization\",\"@id\":\"https:\\\/\\\/marmoinox.it\\\/fr\\\/#organization\",\"name\":\"Marmoinox\",\"url\":\"https:\\\/\\\/marmoinox.it\\\/fr\\\/\",\"logo\":{\"@type\":\"ImageObject\",\"inLanguage\":\"fr-FR\",\"@id\":\"https:\\\/\\\/marmoinox.it\\\/fr\\\/#\\\/schema\\\/logo\\\/image\\\/\",\"url\":\"https:\\\/\\\/marmoinox.it\\\/wp-content\\\/uploads\\\/2025\\\/08\\\/marmoinox-logo.png\",\"contentUrl\":\"https:\\\/\\\/marmoinox.it\\\/wp-content\\\/uploads\\\/2025\\\/08\\\/marmoinox-logo.png\",\"width\":800,\"height\":141,\"caption\":\"Marmoinox\"},\"image\":{\"@id\":\"https:\\\/\\\/marmoinox.it\\\/fr\\\/#\\\/schema\\\/logo\\\/image\\\/\"}}]}<\/script>\n<!-- \/ Yoast SEO plugin. -->","yoast_head_json":{"title":"Accessibilit\u00e9 - Marmoinox","robots":{"index":"index","follow":"follow","max-snippet":"max-snippet:-1","max-image-preview":"max-image-preview:large","max-video-preview":"max-video-preview:-1"},"canonical":"https:\/\/marmoinox.it\/fr\/accessibilite\/","og_locale":"fr_FR","og_type":"article","og_title":"Accessibilit\u00e9 - Marmoinox","og_description":"MarmoinoX s&rsquo;engage \u00e0 rendre son site web accessible, conform\u00e9ment \u00e0 la loi n\u00b0 4 du 9 janvier 2004.La pr\u00e9sente d\u00e9claration d&rsquo;accessibilit\u00e9 s&rsquo;applique au site : www.marmoinox.it \u00c9tat de conformit\u00e9 Ce site web est partiellement conforme aux exigences de l&rsquo;annexe A de la norme UNI CEI EN 301549, car il pr\u00e9sente les cas de non-conformit\u00e9 \u00e9num\u00e9r\u00e9s [&hellip;]","og_url":"https:\/\/marmoinox.it\/fr\/accessibilite\/","og_site_name":"Marmoinox","article_modified_time":"2026-05-06T09:14:43+00:00","twitter_card":"summary_large_image","twitter_misc":{"Dur\u00e9e de lecture estim\u00e9e":"3 minutes"},"schema":{"@context":"https:\/\/schema.org","@graph":[{"@type":"WebPage","@id":"https:\/\/marmoinox.it\/fr\/accessibilite\/","url":"https:\/\/marmoinox.it\/fr\/accessibilite\/","name":"Accessibilit\u00e9 - Marmoinox","isPartOf":{"@id":"https:\/\/marmoinox.it\/fr\/#website"},"datePublished":"2026-03-27T11:37:54+00:00","dateModified":"2026-05-06T09:14:43+00:00","breadcrumb":{"@id":"https:\/\/marmoinox.it\/fr\/accessibilite\/#breadcrumb"},"inLanguage":"fr-FR","potentialAction":[{"@type":"ReadAction","target":["https:\/\/marmoinox.it\/fr\/accessibilite\/"]}]},{"@type":"BreadcrumbList","@id":"https:\/\/marmoinox.it\/fr\/accessibilite\/#breadcrumb","itemListElement":[{"@type":"ListItem","position":1,"name":"Home","item":"https:\/\/marmoinox.it\/fr\/"},{"@type":"ListItem","position":2,"name":"Accessibilit\u00e9"}]},{"@type":"WebSite","@id":"https:\/\/marmoinox.it\/fr\/#website","url":"https:\/\/marmoinox.it\/fr\/","name":"Marmoinox","description":"Dal 1963 diamo forma a soluzioni inedite e pionieristiche","publisher":{"@id":"https:\/\/marmoinox.it\/fr\/#organization"},"potentialAction":[{"@type":"SearchAction","target":{"@type":"EntryPoint","urlTemplate":"https:\/\/marmoinox.it\/fr\/?s={search_term_string}"},"query-input":{"@type":"PropertyValueSpecification","valueRequired":true,"valueName":"search_term_string"}}],"inLanguage":"fr-FR"},{"@type":"Organization","@id":"https:\/\/marmoinox.it\/fr\/#organization","name":"Marmoinox","url":"https:\/\/marmoinox.it\/fr\/","logo":{"@type":"ImageObject","inLanguage":"fr-FR","@id":"https:\/\/marmoinox.it\/fr\/#\/schema\/logo\/image\/","url":"https:\/\/marmoinox.it\/wp-content\/uploads\/2025\/08\/marmoinox-logo.png","contentUrl":"https:\/\/marmoinox.it\/wp-content\/uploads\/2025\/08\/marmoinox-logo.png","width":800,"height":141,"caption":"Marmoinox"},"image":{"@id":"https:\/\/marmoinox.it\/fr\/#\/schema\/logo\/image\/"}}]}},"_links":{"self":[{"href":"https:\/\/marmoinox.it\/fr\/wp-json\/wp\/v2\/pages\/56953","targetHints":{"allow":["GET"]}}],"collection":[{"href":"https:\/\/marmoinox.it\/fr\/wp-json\/wp\/v2\/pages"}],"about":[{"href":"https:\/\/marmoinox.it\/fr\/wp-json\/wp\/v2\/types\/page"}],"author":[{"embeddable":true,"href":"https:\/\/marmoinox.it\/fr\/wp-json\/wp\/v2\/users\/1"}],"replies":[{"embeddable":true,"href":"https:\/\/marmoinox.it\/fr\/wp-json\/wp\/v2\/comments?post=56953"}],"version-history":[{"count":4,"href":"https:\/\/marmoinox.it\/fr\/wp-json\/wp\/v2\/pages\/56953\/revisions"}],"predecessor-version":[{"id":56984,"href":"https:\/\/marmoinox.it\/fr\/wp-json\/wp\/v2\/pages\/56953\/revisions\/56984"}],"wp:attachment":[{"href":"https:\/\/marmoinox.it\/fr\/wp-json\/wp\/v2\/media?parent=56953"}],"curies":[{"name":"wp","href":"https:\/\/api.w.org\/{rel}","templated":true}]}}