{"id":56211,"date":"2025-11-17T09:31:03","date_gmt":"2025-11-17T09:31:03","guid":{"rendered":"https:\/\/marmoinox.it\/magazine\/"},"modified":"2026-05-05T15:39:15","modified_gmt":"2026-05-05T15:39:15","slug":"magazine","status":"publish","type":"page","link":"https:\/\/marmoinox.it\/fr\/magazine\/","title":{"rendered":"Magazine"},"content":{"rendered":"\t\t<div data-elementor-type=\"wp-page\" data-elementor-id=\"56211\" class=\"elementor elementor-56211 elementor-50406\" data-elementor-settings=\"{&quot;ha_cmc_init_switcher&quot;:&quot;no&quot;}\" data-elementor-post-type=\"page\">\n\t\t\t\t<div class=\"elementor-element elementor-element-3461ec0 e-con-full e-flex e-con e-parent\" data-id=\"3461ec0\" data-element_type=\"container\" data-e-type=\"container\" data-settings=\"{&quot;_ha_eqh_enable&quot;:false}\">\n\t\t<div class=\"elementor-element elementor-element-c659eca e-con-full e-flex e-con e-child\" data-id=\"c659eca\" data-element_type=\"container\" data-e-type=\"container\" data-settings=\"{&quot;_ha_eqh_enable&quot;:false}\">\n\t\t\t\t<div class=\"elementor-element elementor-element-27a8ab4 elementor-widget elementor-widget-heading\" data-id=\"27a8ab4\" data-element_type=\"widget\" data-e-type=\"widget\" data-widget_type=\"heading.default\">\n\t\t\t\t\t<h1 class=\"elementor-heading-title elementor-size-default\">Magazine<\/h1>\t\t\t\t<\/div>\n\t\t\t\t<\/div>\n\t\t<div class=\"elementor-element elementor-element-d63a327 e-con-full e-flex e-con e-child\" data-id=\"d63a327\" data-element_type=\"container\" data-e-type=\"container\" data-settings=\"{&quot;_ha_eqh_enable&quot;:false}\">\n\t\t\t\t<div class=\"elementor-element elementor-element-e20ce8b elementor-widget elementor-widget-text-editor\" data-id=\"e20ce8b\" data-element_type=\"widget\" data-e-type=\"widget\" data-widget_type=\"text-editor.default\">\n\t\t\t\t\t\t\t\t\t<p>Pr\u00e9sentation de notre entreprise et de notre secteur<br \/>Consultez notre revue de presse et d\u00e9couvrez les actualit\u00e9s de l&rsquo;entreprise, plongez-vous dans des \u00e9tudes de cas, des analyses techniques et les t\u00e9moignages de nos collaborateurs.<\/p>\t\t\t\t\t\t\t\t<\/div>\n\t\t\t\t<\/div>\n\t\t\t\t<\/div>\n\t\t<div class=\"elementor-element elementor-element-280e13d e-con-full e-flex elementor-invisible e-con e-parent\" data-id=\"280e13d\" data-element_type=\"container\" data-e-type=\"container\" data-settings=\"{&quot;animation&quot;:&quot;fadeInUp&quot;,&quot;_ha_eqh_enable&quot;:false}\">\n\t\t\t\t<div class=\"elementor-element elementor-element-d631dde elementor-grid-3 elementor-grid-tablet-2 elementor-grid-mobile-1 elementor-widget elementor-widget-loop-grid\" data-id=\"d631dde\" data-element_type=\"widget\" data-e-type=\"widget\" data-settings=\"{&quot;template_id&quot;:50416,&quot;masonry&quot;:&quot;yes&quot;,&quot;pagination_type&quot;:&quot;load_more_infinite_scroll&quot;,&quot;_skin&quot;:&quot;post&quot;,&quot;columns&quot;:&quot;3&quot;,&quot;columns_tablet&quot;:&quot;2&quot;,&quot;columns_mobile&quot;:&quot;1&quot;,&quot;edit_handle_selector&quot;:&quot;[data-elementor-type=\\&quot;loop-item\\&quot;]&quot;,&quot;load_more_spinner&quot;:{&quot;value&quot;:&quot;fas fa-spinner&quot;,&quot;library&quot;:&quot;fa-solid&quot;},&quot;row_gap&quot;:{&quot;unit&quot;:&quot;px&quot;,&quot;size&quot;:&quot;&quot;,&quot;sizes&quot;:[]},&quot;row_gap_tablet&quot;:{&quot;unit&quot;:&quot;px&quot;,&quot;size&quot;:&quot;&quot;,&quot;sizes&quot;:[]},&quot;row_gap_mobile&quot;:{&quot;unit&quot;:&quot;px&quot;,&quot;size&quot;:&quot;&quot;,&quot;sizes&quot;:[]}}\" data-widget_type=\"loop-grid.post\">\n\t\t\t\t<div class=\"elementor-widget-container\">\n\t\t\t\t\t\t\t<div class=\"e-loop-nothing-found-message\">\n\t\t<\/div>\n\t\t\t\t\t\t<\/div>\n\t\t\t\t<\/div>\n\t\t\t\t<\/div>\n\t\t\t\t<\/div>\n\t\t","protected":false},"excerpt":{"rendered":"<p>Magazine Raccontiamo l&rsquo;azienda e il nostro settore Leggi la rassegna stampa e scopri le novit\u00e0 aziendali, immergiti in case study, approfondimenti tecnici e storie di persone d&rsquo;acciaio.<\/p>\n","protected":false},"author":1,"featured_media":56036,"parent":0,"menu_order":0,"comment_status":"closed","ping_status":"closed","template":"","meta":{"_acf_changed":false,"footnotes":""},"class_list":["post-56211","page","type-page","status-publish","has-post-thumbnail","hentry"],"acf":[],"yoast_head":"<!-- This site is optimized with the Yoast SEO plugin v27.5 - https:\/\/yoast.com\/product\/yoast-seo-wordpress\/ -->\n<title>Magazine MarmoinoX | Histoires, Projets et Innovation en Acier<\/title>\n<meta name=\"description\" content=\"Articles de fond, \u00e9tudes de cas et r\u00e9cits du monde MarmoinoX : innovation industrielle, d\u00e9veloppement durable, territoire et les personnes qui fa\u00e7onnent l&#039;acier inox chaque jour.\" \/>\n<meta name=\"robots\" content=\"index, follow, max-snippet:-1, max-image-preview:large, max-video-preview:-1\" \/>\n<link rel=\"canonical\" href=\"https:\/\/marmoinox.it\/fr\/magazine\/\" \/>\n<meta property=\"og:locale\" content=\"fr_FR\" \/>\n<meta property=\"og:type\" content=\"article\" \/>\n<meta property=\"og:title\" content=\"Magazine MarmoinoX | Storie, Progetti e Innovazione nell&#039;Acciaio\" \/>\n<meta property=\"og:description\" content=\"Approfondimenti, case study e racconti dal mondo MarmoinoX: innovazione industriale, sostenibilit\u00e0, territorio e le persone che danno forma all&#039;acciaio ogni giorno.\" \/>\n<meta property=\"og:url\" content=\"https:\/\/marmoinox.it\/fr\/magazine\/\" \/>\n<meta property=\"og:site_name\" content=\"Marmoinox\" \/>\n<meta property=\"article:modified_time\" content=\"2026-05-05T15:39:15+00:00\" \/>\n<meta property=\"og:image\" content=\"https:\/\/marmoinox.it\/wp-content\/uploads\/2026\/02\/marmoinox-imballaggio.jpg\" \/>\n\t<meta property=\"og:image:width\" content=\"1920\" \/>\n\t<meta property=\"og:image:height\" content=\"1281\" \/>\n\t<meta property=\"og:image:type\" content=\"image\/jpeg\" \/>\n<meta name=\"twitter:card\" content=\"summary_large_image\" \/>\n<meta name=\"twitter:label1\" content=\"Dur\u00e9e de lecture estim\u00e9e\" \/>\n\t<meta name=\"twitter:data1\" content=\"1 minute\" \/>\n<script type=\"application\/ld+json\" class=\"yoast-schema-graph\">{\"@context\":\"https:\\\/\\\/schema.org\",\"@graph\":[{\"@type\":\"WebPage\",\"@id\":\"https:\\\/\\\/marmoinox.it\\\/fr\\\/magazine\\\/\",\"url\":\"https:\\\/\\\/marmoinox.it\\\/fr\\\/magazine\\\/\",\"name\":\"Magazine MarmoinoX | Histoires, Projets et Innovation en Acier\",\"isPartOf\":{\"@id\":\"https:\\\/\\\/marmoinox.it\\\/fr\\\/#website\"},\"primaryImageOfPage\":{\"@id\":\"https:\\\/\\\/marmoinox.it\\\/fr\\\/magazine\\\/#primaryimage\"},\"image\":{\"@id\":\"https:\\\/\\\/marmoinox.it\\\/fr\\\/magazine\\\/#primaryimage\"},\"thumbnailUrl\":\"https:\\\/\\\/marmoinox.it\\\/wp-content\\\/uploads\\\/2026\\\/02\\\/marmoinox-imballaggio.jpg\",\"datePublished\":\"2025-11-17T09:31:03+00:00\",\"dateModified\":\"2026-05-05T15:39:15+00:00\",\"description\":\"Articles de fond, \u00e9tudes de cas et r\u00e9cits du monde MarmoinoX : innovation industrielle, d\u00e9veloppement durable, territoire et les personnes qui fa\u00e7onnent l'acier inox chaque jour.\",\"breadcrumb\":{\"@id\":\"https:\\\/\\\/marmoinox.it\\\/fr\\\/magazine\\\/#breadcrumb\"},\"inLanguage\":\"fr-FR\",\"potentialAction\":[{\"@type\":\"ReadAction\",\"target\":[\"https:\\\/\\\/marmoinox.it\\\/fr\\\/magazine\\\/\"]}]},{\"@type\":\"ImageObject\",\"inLanguage\":\"fr-FR\",\"@id\":\"https:\\\/\\\/marmoinox.it\\\/fr\\\/magazine\\\/#primaryimage\",\"url\":\"https:\\\/\\\/marmoinox.it\\\/wp-content\\\/uploads\\\/2026\\\/02\\\/marmoinox-imballaggio.jpg\",\"contentUrl\":\"https:\\\/\\\/marmoinox.it\\\/wp-content\\\/uploads\\\/2026\\\/02\\\/marmoinox-imballaggio.jpg\",\"width\":1920,\"height\":1281,\"caption\":\"marmoinox imballaggio\"},{\"@type\":\"BreadcrumbList\",\"@id\":\"https:\\\/\\\/marmoinox.it\\\/fr\\\/magazine\\\/#breadcrumb\",\"itemListElement\":[{\"@type\":\"ListItem\",\"position\":1,\"name\":\"Home\",\"item\":\"https:\\\/\\\/marmoinox.it\\\/fr\\\/\"},{\"@type\":\"ListItem\",\"position\":2,\"name\":\"Magazine\"}]},{\"@type\":\"WebSite\",\"@id\":\"https:\\\/\\\/marmoinox.it\\\/fr\\\/#website\",\"url\":\"https:\\\/\\\/marmoinox.it\\\/fr\\\/\",\"name\":\"Marmoinox\",\"description\":\"Dal 1963 diamo forma a soluzioni inedite e pionieristiche\",\"publisher\":{\"@id\":\"https:\\\/\\\/marmoinox.it\\\/fr\\\/#organization\"},\"potentialAction\":[{\"@type\":\"SearchAction\",\"target\":{\"@type\":\"EntryPoint\",\"urlTemplate\":\"https:\\\/\\\/marmoinox.it\\\/fr\\\/?s={search_term_string}\"},\"query-input\":{\"@type\":\"PropertyValueSpecification\",\"valueRequired\":true,\"valueName\":\"search_term_string\"}}],\"inLanguage\":\"fr-FR\"},{\"@type\":\"Organization\",\"@id\":\"https:\\\/\\\/marmoinox.it\\\/fr\\\/#organization\",\"name\":\"Marmoinox\",\"url\":\"https:\\\/\\\/marmoinox.it\\\/fr\\\/\",\"logo\":{\"@type\":\"ImageObject\",\"inLanguage\":\"fr-FR\",\"@id\":\"https:\\\/\\\/marmoinox.it\\\/fr\\\/#\\\/schema\\\/logo\\\/image\\\/\",\"url\":\"https:\\\/\\\/marmoinox.it\\\/wp-content\\\/uploads\\\/2025\\\/08\\\/marmoinox-logo.png\",\"contentUrl\":\"https:\\\/\\\/marmoinox.it\\\/wp-content\\\/uploads\\\/2025\\\/08\\\/marmoinox-logo.png\",\"width\":800,\"height\":141,\"caption\":\"Marmoinox\"},\"image\":{\"@id\":\"https:\\\/\\\/marmoinox.it\\\/fr\\\/#\\\/schema\\\/logo\\\/image\\\/\"}}]}<\/script>\n<!-- \/ Yoast SEO plugin. -->","yoast_head_json":{"title":"Magazine MarmoinoX | Histoires, Projets et Innovation en Acier","description":"Articles de fond, \u00e9tudes de cas et r\u00e9cits du monde MarmoinoX : innovation industrielle, d\u00e9veloppement durable, territoire et les personnes qui fa\u00e7onnent l'acier inox chaque jour.","robots":{"index":"index","follow":"follow","max-snippet":"max-snippet:-1","max-image-preview":"max-image-preview:large","max-video-preview":"max-video-preview:-1"},"canonical":"https:\/\/marmoinox.it\/fr\/magazine\/","og_locale":"fr_FR","og_type":"article","og_title":"Magazine MarmoinoX | Storie, Progetti e Innovazione nell'Acciaio","og_description":"Approfondimenti, case study e racconti dal mondo MarmoinoX: innovazione industriale, sostenibilit\u00e0, territorio e le persone che danno forma all'acciaio ogni giorno.","og_url":"https:\/\/marmoinox.it\/fr\/magazine\/","og_site_name":"Marmoinox","article_modified_time":"2026-05-05T15:39:15+00:00","og_image":[{"width":1920,"height":1281,"url":"https:\/\/marmoinox.it\/wp-content\/uploads\/2026\/02\/marmoinox-imballaggio.jpg","type":"image\/jpeg"}],"twitter_card":"summary_large_image","twitter_misc":{"Dur\u00e9e de lecture estim\u00e9e":"1 minute"},"schema":{"@context":"https:\/\/schema.org","@graph":[{"@type":"WebPage","@id":"https:\/\/marmoinox.it\/fr\/magazine\/","url":"https:\/\/marmoinox.it\/fr\/magazine\/","name":"Magazine MarmoinoX | Histoires, Projets et Innovation en Acier","isPartOf":{"@id":"https:\/\/marmoinox.it\/fr\/#website"},"primaryImageOfPage":{"@id":"https:\/\/marmoinox.it\/fr\/magazine\/#primaryimage"},"image":{"@id":"https:\/\/marmoinox.it\/fr\/magazine\/#primaryimage"},"thumbnailUrl":"https:\/\/marmoinox.it\/wp-content\/uploads\/2026\/02\/marmoinox-imballaggio.jpg","datePublished":"2025-11-17T09:31:03+00:00","dateModified":"2026-05-05T15:39:15+00:00","description":"Articles de fond, \u00e9tudes de cas et r\u00e9cits du monde MarmoinoX : innovation industrielle, d\u00e9veloppement durable, territoire et les personnes qui fa\u00e7onnent l'acier inox chaque jour.","breadcrumb":{"@id":"https:\/\/marmoinox.it\/fr\/magazine\/#breadcrumb"},"inLanguage":"fr-FR","potentialAction":[{"@type":"ReadAction","target":["https:\/\/marmoinox.it\/fr\/magazine\/"]}]},{"@type":"ImageObject","inLanguage":"fr-FR","@id":"https:\/\/marmoinox.it\/fr\/magazine\/#primaryimage","url":"https:\/\/marmoinox.it\/wp-content\/uploads\/2026\/02\/marmoinox-imballaggio.jpg","contentUrl":"https:\/\/marmoinox.it\/wp-content\/uploads\/2026\/02\/marmoinox-imballaggio.jpg","width":1920,"height":1281,"caption":"marmoinox imballaggio"},{"@type":"BreadcrumbList","@id":"https:\/\/marmoinox.it\/fr\/magazine\/#breadcrumb","itemListElement":[{"@type":"ListItem","position":1,"name":"Home","item":"https:\/\/marmoinox.it\/fr\/"},{"@type":"ListItem","position":2,"name":"Magazine"}]},{"@type":"WebSite","@id":"https:\/\/marmoinox.it\/fr\/#website","url":"https:\/\/marmoinox.it\/fr\/","name":"Marmoinox","description":"Dal 1963 diamo forma a soluzioni inedite e pionieristiche","publisher":{"@id":"https:\/\/marmoinox.it\/fr\/#organization"},"potentialAction":[{"@type":"SearchAction","target":{"@type":"EntryPoint","urlTemplate":"https:\/\/marmoinox.it\/fr\/?s={search_term_string}"},"query-input":{"@type":"PropertyValueSpecification","valueRequired":true,"valueName":"search_term_string"}}],"inLanguage":"fr-FR"},{"@type":"Organization","@id":"https:\/\/marmoinox.it\/fr\/#organization","name":"Marmoinox","url":"https:\/\/marmoinox.it\/fr\/","logo":{"@type":"ImageObject","inLanguage":"fr-FR","@id":"https:\/\/marmoinox.it\/fr\/#\/schema\/logo\/image\/","url":"https:\/\/marmoinox.it\/wp-content\/uploads\/2025\/08\/marmoinox-logo.png","contentUrl":"https:\/\/marmoinox.it\/wp-content\/uploads\/2025\/08\/marmoinox-logo.png","width":800,"height":141,"caption":"Marmoinox"},"image":{"@id":"https:\/\/marmoinox.it\/fr\/#\/schema\/logo\/image\/"}}]}},"_links":{"self":[{"href":"https:\/\/marmoinox.it\/fr\/wp-json\/wp\/v2\/pages\/56211","targetHints":{"allow":["GET"]}}],"collection":[{"href":"https:\/\/marmoinox.it\/fr\/wp-json\/wp\/v2\/pages"}],"about":[{"href":"https:\/\/marmoinox.it\/fr\/wp-json\/wp\/v2\/types\/page"}],"author":[{"embeddable":true,"href":"https:\/\/marmoinox.it\/fr\/wp-json\/wp\/v2\/users\/1"}],"replies":[{"embeddable":true,"href":"https:\/\/marmoinox.it\/fr\/wp-json\/wp\/v2\/comments?post=56211"}],"version-history":[{"count":5,"href":"https:\/\/marmoinox.it\/fr\/wp-json\/wp\/v2\/pages\/56211\/revisions"}],"predecessor-version":[{"id":56217,"href":"https:\/\/marmoinox.it\/fr\/wp-json\/wp\/v2\/pages\/56211\/revisions\/56217"}],"wp:featuredmedia":[{"embeddable":true,"href":"https:\/\/marmoinox.it\/fr\/wp-json\/wp\/v2\/media\/56036"}],"wp:attachment":[{"href":"https:\/\/marmoinox.it\/fr\/wp-json\/wp\/v2\/media?parent=56211"}],"curies":[{"name":"wp","href":"https:\/\/api.w.org\/{rel}","templated":true}]}}